{"id":26,"date":"2018-06-18T12:35:33","date_gmt":"2018-06-18T12:35:33","guid":{"rendered":"http:\/\/www.alhaurinvistagolf.com\/?page_id=26"},"modified":"2024-02-01T12:08:38","modified_gmt":"2024-02-01T12:08:38","slug":"het-complex","status":"publish","type":"page","link":"https:\/\/higueronvalley.com\/pl\/kompleks\/","title":{"rendered":"Kompleks"},"content":{"rendered":"<div  class=\"content_row row vc_row wpb_row  default-style fullwidth\" >\n\t\n\t<div class=\"content_row_wrapper  default\" >\n\t<div id=\"asdasd\" class=\"vc_col-sm-12 wpb_column vc_column_container\" >\n\t<div class=\"vc_column-inner\">\n\t\t<div class=\"wpb_wrapper\" >\n\t\t\t<div class=\"wpb_revslider_element wpb_content_element\">\n<div id=\"rev_slider_6_1_wrapper\" class=\"rev_slider_wrapper fullwidthbanner-container\" data-source=\"gallery\" style=\"margin:0px auto;background:transparent;padding:0px;margin-top:0px;margin-bottom:0px;\">\n<!-- START REVOLUTION SLIDER 5.4.7.3 fullwidth mode -->\n\t<div id=\"rev_slider_6_1\" class=\"rev_slider fullwidthabanner\" style=\"display:none;\" data-version=\"5.4.7.3\">\n<ul>\t<!-- SLIDE  -->\n\t<li data-index=\"rs-8\" data-transition=\"fade\" data-slotamount=\"default\" data-hideafterloop=\"0\" data-hideslideonmobile=\"off\"  data-easein=\"default\" data-easeout=\"default\" data-masterspeed=\"300\"  data-rotate=\"0\"  data-saveperformance=\"off\"  data-ssop=\"true\"  data-title=\"Slide\" data-param1=\"\" data-param2=\"\" data-param3=\"\" data-param4=\"\" data-param5=\"\" data-param6=\"\" data-param7=\"\" data-param8=\"\" data-param9=\"\" data-param10=\"\" data-description=\"\">\n\t\t<!-- MAIN IMAGE -->\n\t\t<img decoding=\"async\" src=\"https:\/\/higueron-valley.com\/wp-content\/plugins\/revslider\/admin\/assets\/images\/transparent.png\"  alt=\"\" title=\"Kompleks\"  data-bgposition=\"center center\" data-bgfit=\"cover\" data-bgrepeat=\"no-repeat\" class=\"rev-slidebg\" data-no-retina>\n\t\t<!-- LAYERS -->\n\n\t\t<!-- LAYER NR. 1 -->\n\t\t<div class=\"tp-caption   tp-resizeme\" \n\t\t\t id=\"slide-8-layer-13\" \n\t\t\t data-x=\"-102\" \n\t\t\t data-y=\"2\" \n\t\t\t\t\t\tdata-width=\"['none','none','none','none']\"\n\t\t\tdata-height=\"['none','none','none','none']\"\n \n\t\t\tdata-type=\"image\" \n\t\t\tdata-responsive_offset=\"on\" \n\n\t\t\tdata-frames='[{\"delay\":0,\"speed\":300,\"frame\":\"0\",\"from\":\"opacity:0;\",\"to\":\"o:1;\",\"ease\":\"Power3.easeInOut\"},{\"delay\":\"wait\",\"speed\":300,\"frame\":\"999\",\"to\":\"opacity:0;\",\"ease\":\"Power3.easeInOut\"}]'\n\t\t\tdata-textalign=\"['inherit','inherit','inherit','inherit']\"\n\t\t\tdata-paddingtop=\"[0,0,0,0]\"\n\t\t\tdata-paddingright=\"[0,0,0,0]\"\n\t\t\tdata-paddingbottom=\"[0,0,0,0]\"\n\t\t\tdata-paddingleft=\"[0,0,0,0]\"\n\n\t\t\tstyle=\"z-index: 6;\"><img decoding=\"async\" src=\"https:\/\/higueron-valley.com\/wp-content\/uploads\/2021\/12\/header_locatie.jpg\" alt=\"\" data-ww=\"1447px\" data-hh=\"466px\" data-no-retina> <\/div>\n\t<\/li>\n<\/ul>\n<div class=\"tp-bannertimer tp-bottom\" style=\"visibility: hidden !important;\"><\/div>\t<\/div>\n<script>var htmlDiv = document.getElementById(\"rs-plugin-settings-inline-css\"); var htmlDivCss=\"\";\r\n\t\t\t\tif(htmlDiv) {\r\n\t\t\t\t\thtmlDiv.innerHTML = htmlDiv.innerHTML + htmlDivCss;\r\n\t\t\t\t}else{\r\n\t\t\t\t\tvar htmlDiv = document.createElement(\"div\");\r\n\t\t\t\t\thtmlDiv.innerHTML = \"<style>\" + htmlDivCss + \"<\/style>\";\r\n\t\t\t\t\tdocument.getElementsByTagName(\"head\")[0].appendChild(htmlDiv.childNodes[0]);\r\n\t\t\t\t}\r\n\t\t\t<\/script>\n\t\t<script type=\"text\/javascript\">\r\nif (setREVStartSize!==undefined) setREVStartSize(\r\n\t{c: '#rev_slider_6_1', gridwidth: [1240], gridheight: [464], sliderLayout: 'fullwidth'});\r\n\t\t\t\r\nvar revapi6,\r\n\ttpj;\t\r\n(function() {\t\t\t\r\n\tif (!\/loaded|interactive|complete\/.test(document.readyState)) document.addEventListener(\"DOMContentLoaded\",onLoad); else onLoad();\t\r\n\tfunction onLoad() {\t\t\t\t\r\n\t\tif (tpj===undefined) { tpj = jQuery; if(\"off\" == \"on\") tpj.noConflict();}\r\n\tif(tpj(\"#rev_slider_6_1\").revolution == undefined){\n\t\trevslider_showDoubleJqueryError(\"#rev_slider_6_1\");\n\t}else{\n\t\trevapi6 = tpj(\"#rev_slider_6_1\").show().revolution({\n\t\t\tsliderType:\"standard\",\n\t\t\tjsFileLocation:\"\/\/higueron-valley.com\/wp-content\/plugins\/revslider\/public\/assets\/js\/\",\n\t\t\tsliderLayout:\"fullwidth\",\n\t\t\tdottedOverlay:\"none\",\n\t\t\tdelay:6000,\n\t\t\tnavigation: {\n\t\t\t\tonHoverStop:\"off\",\n\t\t\t},\n\t\t\tvisibilityLevels:[1240,1024,778,480],\n\t\t\tgridwidth:1240,\n\t\t\tgridheight:464,\n\t\t\tlazyType:\"none\",\n\t\t\tshadow:0,\n\t\t\tspinner:\"spinner0\",\n\t\t\tstopLoop:\"off\",\n\t\t\tstopAfterLoops:-1,\n\t\t\tstopAtSlide:-1,\n\t\t\tshuffle:\"off\",\n\t\t\tautoHeight:\"off\",\n\t\t\tdisableProgressBar:\"on\",\n\t\t\thideThumbsOnMobile:\"off\",\n\t\t\thideSliderAtLimit:0,\n\t\t\thideCaptionAtLimit:0,\n\t\t\thideAllCaptionAtLilmit:0,\n\t\t\tdebugMode:false,\n\t\t\tfallbacks: {\n\t\t\t\tsimplifyAll:\"off\",\n\t\t\t\tnextSlideOnWindowFocus:\"off\",\n\t\t\t\tdisableFocusListener:false,\n\t\t\t}\n\t\t});\n\t}; \/* END OF revapi call *\/\n\t\n }; \/* END OF ON LOAD FUNCTION *\/\r\n}()); \/* END OF WRAPPING FUNCTION *\/\r\n<\/script>\r\n\t\t<\/div><!-- END REVOLUTION SLIDER --><\/div>\n\t\t<\/div>\n\t<\/div>\n\t<\/div>\n\n<\/div>\n<\/div>\n\n<div  class=\"content_row row vc_row wpb_row  default-style fullwidth\" >\n\t\n\t<div class=\"content_row_wrapper  default\" >\n\t<div id=\"asdasd\" class=\"vc_col-sm-12 wpb_column vc_column_container\" >\n\t<div class=\"vc_column-inner\">\n\t\t<div class=\"wpb_wrapper\" >\n\t\t\t\n\t<div class=\"wpb_text_column wpb_content_element\" >\n\t\t<div class=\"wpb_wrapper\">\n\t\t\t<h3><strong><em>O\u015brodek Higueron Dolina Higueron<\/em><\/strong><\/h3>\n<p style=\"text-align: left;\">Ten wspania\u0142y, nowo wybudowany kompleks oferuje luksusowe apartamenty i penthousy tu\u017c nad brzegiem morza. Valley Collection w Higuer\u00f3n Resort ma \u0142\u0105czn\u0105 powierzchni\u0119 oko\u0142o 74 703 m\u00b2. Kompleks sk\u0142ada si\u0119 z kilku trzypi\u0119trowych budynk\u00f3w. \u0141\u0105cznie powstanie 224 dom\u00f3w.<br \/>\nW obiekcie znajdzie si\u0119 141 apartament\u00f3w dwupokojowych, 45 apartament\u00f3w trzypokojowych i 38 trzypokojowych penthouse&#039;\u00f3w. Jak we wszystkim w Higuer\u00f3n Resort, du\u017cy nacisk zostanie po\u0142o\u017cony na ziele\u0144 i natur\u0119; powstanie 20 000 m\u00b2 teren\u00f3w zielonych, w tym \u015bcie\u017cki spacerowe. Ka\u017cdy budynek apartamentowy b\u0119dzie mia\u0142 <em>w\u0142asny basen bez kraw\u0119dzi?<\/em> dosta\u0107. Domy\u015blnie wszystkie domy otrzymuj\u0105 <em>dwa miejsca parkingowe i kom\u00f3rka lokatorska<\/em>. Wszystkie domy s\u0105 usytuowane zwr\u00f3cone na po\u0142udnie lub po\u0142udniowy zach\u00f3d i s\u0105 umieszczone na r\u00f3\u017cnych platformach na r\u00f3\u017cnych wysoko\u015bciach\/poziomach, aby zagwarantowa\u0107 pi\u0119kny widok na morze. Z przestronnego tarasu roztacza si\u0119 zapieraj\u0105cy dech w piersiach widok na Morze \u015ar\u00f3dziemne.<br \/>\nProjekt elewacji b\u0119dzie bardzo podobny do Med One-Two w o\u015brodku Higuer\u00f3n Resort. Tecnal zajmie si\u0119 stolark\u0105 zewn\u0119trzn\u0105, Zampieri kuchniami, Duravit, Kaldewai, Hansgrohe itp.<\/p>\n<p style=\"text-align: left;\">Zmiany osobistych upodoba\u0144 s\u0105 mo\u017cliwe, o ile mieszcz\u0105 si\u0119 w terminach.<\/p>\n<h3><strong>Zielony rozw\u00f3j \u2013 certyfikat Breeam<\/strong><\/h3>\n<p>Inwestycja k\u0142adzie du\u017cy nacisk na zr\u00f3wnowa\u017cony rozw\u00f3j \u015brodowiskowy. Domy posiadaj\u0105 certyfikat BREEAM (Building Research Establishment Environmental Assessment Methodology), co gwarantuje spe\u0142nienie wszystkich kryteri\u00f3w efektywno\u015bci energetycznej i zr\u00f3wnowa\u017conego rozwoju. Zar\u00f3wno na etapie projektowania, jak i budowy do\u0142o\u017cono wszelkich stara\u0144, aby zredukowa\u0107 emisj\u0119 CO2 i \u015blad ekologiczny. Apartamenty wyko\u0144czone s\u0105 materia\u0142ami najwy\u017cszej jako\u015bci i najbardziej zr\u00f3wnowa\u017conymi.<\/p>\n<h5><img loading=\"lazy\" decoding=\"async\" class=\"alignnone wp-image-3291\" src=\"https:\/\/higueron-valley.com\/wp-content\/uploads\/2022\/01\/Logobream-348x314-1-300x271.png\" alt=\"Dolina Higueron \u2013 Breeam\" width=\"165\" height=\"149\" srcset=\"https:\/\/higueron-valley.com\/wp-content\/uploads\/2022\/01\/Logobream-348x314-1-300x271.png 300w, https:\/\/higueron-valley.com\/wp-content\/uploads\/2022\/01\/Logobream-348x314-1-13x12.png 13w, https:\/\/higueron-valley.com\/wp-content\/uploads\/2022\/01\/Logobream-348x314-1.png 348w\" sizes=\"auto, (max-width: 165px) 100vw, 165px\" \/><\/h5>\n<h3><strong>Ceny w dolinie Higuer\u00f3n<\/strong><\/h3>\n<p>Ceny tego projektu:<\/p>\n<ul>\n<li>Apartamenty dwupokojowe o powierzchni ok. 90 m2 \u2013 od 485 000 \u20ac<\/li>\n<li>mieszkania trzypokojowe\/ok. 120 m2 \u2013 od 690 000 euro<\/li>\n<li>penthousy\/130 m2 z trzema sypialniami \u2013 od 1 325 000 euro do 1 950 000 euro<\/li>\n<\/ul>\n<p>Ceny mog\u0105 si\u0119 r\u00f3\u017cni\u0107 w zale\u017cno\u015bci od poziomu i widoku. Zako\u0144czenie budowy pierwszych etap\u00f3w planowane jest na pocz\u0105tek 2024 roku. Prosimy o kontakt w celu zapoznania si\u0119 z aktualnymi ofertami i cenami.<\/p>\n<p>Chcesz otrzyma\u0107 wi\u0119cej informacji? Nie wahaj si\u0119 z nami skontaktowa\u0107.<\/p>\n<p><strong><a href=\"https:\/\/higueron-valley.com\/meer-info\/\">Zarejestruj si\u0119 i otrzymaj wszystkie szczeg\u00f3\u0142y, dost\u0119pno\u015b\u0107 i ceny dotycz\u0105ce Doliny Higuer\u00f3n<\/a><\/strong>.<\/p>\n<p>Masz konkretne pytanie lub chcesz um\u00f3wi\u0107 si\u0119 na spotkanie? Zadzwo\u0144 do Rona de Vriesa pod numer +34 677 67 04 80<\/p>\n<h3><strong>Ca\u0142kowita oferta Higuer\u00f3na<\/strong><\/h3>\n<p>Chcesz zobaczy\u0107 przegl\u0105d ca\u0142ej oferty Higuer\u00f3n? Odwied\u017a stron\u0119 <a href=\"https:\/\/higueron-estates.com\/\"><strong>Strona internetowa Higueron Estates &gt;<\/strong><\/a><\/p>\n\n\t\t<\/div>\n\t<\/div>\n<div class=\"vc_btn3-container  photo-button vc_btn3-center\" ><a style=\"background-color:#bbaa85; color:#ffffff;\" class=\"vc_general vc_btn3 vc_btn3-size-lg vc_btn3-shape-square vc_btn3-style-custom\" href=\"https:\/\/higueron-valley.com\/meer-info\/\" title=\"Wi\u0119cej informacji\">WI\u0118CEJ INFORMACJI<\/a><\/div>\n\t<div class=\"wpb_text_column wpb_content_element\" >\n\t\t<div class=\"wpb_wrapper\">\n\t\t\t\n\t\t<\/div>\n\t<\/div>\n\n\t\t<\/div>\n\t<\/div>\n\t<\/div>\n\n<\/div>\n<\/div>\n\n<div  class=\"content_row row vc_row wpb_row  default-style fullwidth\" >\n\t\n\t<div class=\"content_row_wrapper  default\" >\n\t<div id=\"asdasd\" class=\"vc_col-sm-12 wpb_column vc_column_container\" >\n\t<div class=\"vc_column-inner\">\n\t\t<div class=\"wpb_wrapper\" >\n\t\t\t\n\t<div class=\"wpb_text_column wpb_content_element\" >\n\t\t<div class=\"wpb_wrapper\">\n\t\t\t<p><strong>Inne projekty Higuer\u00f3n:<\/strong><\/p>\n<ul>\n<li style=\"text-align: left;\"><strong><a href=\"http:\/\/lomasdelhigueron.com\" target=\"_blank\" rel=\"noopener\">Las Lomas del Higuer\u00f3n &gt;&gt;&gt;<\/a><\/strong><\/li>\n<li><a href=\"https:\/\/higueronsouth.com\/\" target=\"_blank\" rel=\"noopener\"><strong>Higuer\u00f3n South &gt;&gt;&gt;<\/strong><\/a><\/li>\n<li><a href=\"https:\/\/higueron-beach.com\/\" target=\"_blank\" rel=\"noopener\"><strong>Pla\u017ca Higuer\u00f3n &gt;&gt;&gt;<\/strong><\/a><\/li>\n<li><a href=\"https:\/\/higueron-aura.com\/\" target=\"_blank\" rel=\"noopener\"><strong>Higuer\u00f3n Aura &gt;&gt;&gt;<\/strong><\/a><\/li>\n<li><a href=\"https:\/\/villas-higueron.com\/\" target=\"_blank\" rel=\"noopener\"><strong>Wille Higuer\u00f3n &gt;&gt;&gt;<\/strong><\/a><\/li>\n<\/ul>\n\n\t\t<\/div>\n\t<\/div>\n\n\t\t<\/div>\n\t<\/div>\n\t<\/div>\n\n<\/div>\n<\/div>","protected":false},"excerpt":{"rendered":"<p>&#8230; <a class=\"more-link\" href=\"https:\/\/higueronvalley.com\/pl\/kompleks\/\">Kontynuuj czytanie<\/a><\/p>","protected":false},"author":1,"featured_media":0,"parent":0,"menu_order":0,"comment_status":"closed","ping_status":"closed","template":"","meta":{"footnotes":""},"class_list":["post-26","page","type-page","status-publish","hentry"],"_links":{"self":[{"href":"https:\/\/higueronvalley.com\/pl\/wp-json\/wp\/v2\/pages\/26","targetHints":{"allow":["GET"]}}],"collection":[{"href":"https:\/\/higueronvalley.com\/pl\/wp-json\/wp\/v2\/pages"}],"about":[{"href":"https:\/\/higueronvalley.com\/pl\/wp-json\/wp\/v2\/types\/page"}],"author":[{"embeddable":true,"href":"https:\/\/higueronvalley.com\/pl\/wp-json\/wp\/v2\/users\/1"}],"replies":[{"embeddable":true,"href":"https:\/\/higueronvalley.com\/pl\/wp-json\/wp\/v2\/comments?post=26"}],"version-history":[{"count":34,"href":"https:\/\/higueronvalley.com\/pl\/wp-json\/wp\/v2\/pages\/26\/revisions"}],"predecessor-version":[{"id":3355,"href":"https:\/\/higueronvalley.com\/pl\/wp-json\/wp\/v2\/pages\/26\/revisions\/3355"}],"wp:attachment":[{"href":"https:\/\/higueronvalley.com\/pl\/wp-json\/wp\/v2\/media?parent=26"}],"curies":[{"name":"wp","href":"https:\/\/api.w.org\/{rel}","templated":true}]}}